{"id":717,"date":"2025-04-04T07:35:09","date_gmt":"2025-04-04T05:35:09","guid":{"rendered":"https:\/\/www.alterwirt-hallbergmoos.de\/mentions-legales"},"modified":"2025-11-18T17:02:08","modified_gmt":"2025-11-18T16:02:08","slug":"mentions-legales","status":"publish","type":"page","link":"https:\/\/www.alterwirt-hallbergmoos.de\/fr\/mentions-legales","title":{"rendered":"Mentions l\u00e9gales"},"content":{"rendered":"<section class=\"l-section wpb_row us_custom_f105e05b height_huge width_custom\" style=\"--site-content-width:1000px;\"><div class=\"l-section-h i-cf\"><div class=\"g-cols vc_row via_flex valign_middle type_default stacking_default\"><div class=\"vc_col-sm-12 wpb_column vc_column_container\"><div class=\"vc_column-inner\"><div class=\"wpb_wrapper\"><div class=\"g-cols wpb_row us_custom_1a19fe0b us_animate_this via_flex valign_middle type_default stacking_default\"><div class=\"vc_col-sm-12 wpb_column vc_column_container\"><div class=\"vc_column-inner\"><div class=\"wpb_wrapper\"><div class=\"wpb_text_column us_custom_faa800ee us_animate_this\"><div class=\"wpb_wrapper\"><h2>Mentions l\u00e9gales<\/h2>\n<\/div><\/div><div class=\"wpb_text_column\"><div class=\"wpb_wrapper\"><p>Alter Wirt e.K.<br \/>\nPropri\u00e9taire Berhnard Graf<br \/>\nHauptstra\u00dfe 66<br \/>\n85399 Hallbergmoos-Goldach<\/p>\n<p>Registre du commerce : HRA 83 454<br \/>\nTribunal d&rsquo;enregistrement : Munich<\/p>\n<h2>Contact<\/h2>\n<p>T\u00e9l\u00e9phone : +49 811 - 55 14 0<br \/>\nT\u00e9l\u00e9copieur : +49 811 - 55 14 99<br \/>\nCourrier \u00e9lectronique : info@alterwirt-hallbergmoos.de<\/p>\n<h2>Num\u00e9ro d&rsquo;identification de la taxe sur le chiffre d&rsquo;affaires<\/h2>\n<p>Num\u00e9ro d&rsquo;identification de la taxe sur le chiffre d&rsquo;affaires conform\u00e9ment au \u00a7 27 a de la loi sur la taxe sur le chiffre d&rsquo;affaires :<br \/>\nDE213485963<\/p>\n<h2>R\u00e8glement des litiges de consommation\/organe universel de conciliation<\/h2>\n<p>Nous ne sommes pas pr\u00eats ou oblig\u00e9s de participer \u00e0 des proc\u00e9dures de r\u00e8glement des litiges devant un organisme de conciliation des consommateurs.<\/p>\n<h2>Conception, design &amp; r\u00e9alisation<\/h2>\n<p><a href=\"https:\/\/florian-schmidt.design\/\" target=\"_blank\" rel=\"noopener\">www.florian-schmidt.design<\/a><\/p>\n<h2>Cr\u00e9dits photographiques<\/h2>\n<p>Chambres &amp; H\u00f4tel etc : \u00a9Hendrik K\u00f6hler <g id=\"gid_0\">kfoto.de<\/g><x id=\"gid_1\"><\/x>Film d&rsquo;h\u00f4tel : \u00a9Oliver Scholz <a href=\"https:\/\/www.oliver-film.de\/\" target=\"_blank\" rel=\"noopener\">oliver-film.de<\/a><br \/>\nPhoto de famille : \u00a9envato elements halfpoint<br \/>\nInvit\u00e9s du salon : \u00a9envato elements drazenphoto<br \/>\nLes voyageurs d&rsquo;affaires : \u00a9envato elements Rawpixel<br \/>\nLes voyageurs en vacances : \u00a9envato elements Lightfieldstudios<br \/>\nLes thermes d&rsquo;Erding : Thermes d&rsquo;Erding<\/p>\n<\/div><\/div><\/div><\/div><\/div><\/div><\/div><\/div><\/div><\/div><\/div><\/section>\n","protected":false},"excerpt":{"rendered":"Mentions l\u00e9gales Alter Wirt e.K. Propri\u00e9taire Berhnard Graf Hauptstra\u00dfe 66 85399 Hallbergmoos-Goldach Registre du commerce : HRA 83 454 Tribunal d&rsquo;enregistrement : Munich Contact T\u00e9l\u00e9phone : +49 811 - 55 14 0 T\u00e9l\u00e9copieur : +49 811 - 55 14 99 Courrier \u00e9lectronique : info@alterwirt-hallbergmoos.de Num\u00e9ro d&rsquo;identification de la taxe sur le chiffre d&rsquo;affaires Num\u00e9ro d&rsquo;identification...","protected":false},"author":1,"featured_media":718,"parent":0,"menu_order":0,"comment_status":"closed","ping_status":"closed","template":"","meta":{"footnotes":""},"class_list":["post-717","page","type-page","status-publish","has-post-thumbnail","hentry"],"yoast_head":"<!-- This site is optimized with the Yoast SEO plugin v26.4 - https:\/\/yoast.com\/wordpress\/plugins\/seo\/ -->\n<title>Mentions l\u00e9gales - Hotel Alter Wirt Hallbergmoos<\/title>\n<meta name=\"robots\" content=\"index, follow, max-snippet:-1, max-image-preview:large, max-video-preview:-1\" \/>\n<link rel=\"canonical\" href=\"https:\/\/www.alterwirt-hallbergmoos.de\/fr\/mentions-legales\" \/>\n<meta property=\"og:locale\" content=\"fr_FR\" \/>\n<meta property=\"og:type\" content=\"article\" \/>\n<meta property=\"og:title\" content=\"Mentions l\u00e9gales - Hotel Alter Wirt Hallbergmoos\" \/>\n<meta property=\"og:url\" content=\"https:\/\/www.alterwirt-hallbergmoos.de\/fr\/mentions-legales\" \/>\n<meta property=\"og:site_name\" content=\"Hotel Alter Wirt Hallbergmoos\" \/>\n<meta property=\"article:modified_time\" content=\"2025-11-18T16:02:08+00:00\" \/>\n<meta property=\"og:image\" content=\"https:\/\/www.alterwirt-hallbergmoos.de\/wp-content\/uploads\/2025\/04\/Hotel-Alter-Wirt-Hallbergmoos-Goldach-Zimmer-Galerie15.jpg\" \/>\n\t<meta property=\"og:image:width\" content=\"1920\" \/>\n\t<meta property=\"og:image:height\" content=\"1080\" \/>\n\t<meta property=\"og:image:type\" content=\"image\/jpeg\" \/>\n<meta name=\"twitter:card\" content=\"summary_large_image\" \/>\n<meta name=\"twitter:label1\" content=\"Dur\u00e9e de lecture estim\u00e9e\" \/>\n\t<meta name=\"twitter:data1\" content=\"1 minute\" \/>\n<script type=\"application\/ld+json\" class=\"yoast-schema-graph\">{\"@context\":\"https:\/\/schema.org\",\"@graph\":[{\"@type\":\"WebPage\",\"@id\":\"https:\/\/www.alterwirt-hallbergmoos.de\/fr\/mentions-legales\",\"url\":\"https:\/\/www.alterwirt-hallbergmoos.de\/fr\/mentions-legales\",\"name\":\"Mentions l\u00e9gales - Hotel Alter Wirt Hallbergmoos\",\"isPartOf\":{\"@id\":\"https:\/\/www.alterwirt-hallbergmoos.de\/fr#website\"},\"primaryImageOfPage\":{\"@id\":\"https:\/\/www.alterwirt-hallbergmoos.de\/fr\/mentions-legales#primaryimage\"},\"image\":{\"@id\":\"https:\/\/www.alterwirt-hallbergmoos.de\/fr\/mentions-legales#primaryimage\"},\"thumbnailUrl\":\"https:\/\/www.alterwirt-hallbergmoos.de\/wp-content\/uploads\/2025\/04\/Hotel-Alter-Wirt-Hallbergmoos-Goldach-Zimmer-Galerie15.jpg\",\"datePublished\":\"2025-04-04T05:35:09+00:00\",\"dateModified\":\"2025-11-18T16:02:08+00:00\",\"breadcrumb\":{\"@id\":\"https:\/\/www.alterwirt-hallbergmoos.de\/fr\/mentions-legales#breadcrumb\"},\"inLanguage\":\"fr-FR\",\"potentialAction\":[{\"@type\":\"ReadAction\",\"target\":[\"https:\/\/www.alterwirt-hallbergmoos.de\/fr\/mentions-legales\"]}]},{\"@type\":\"ImageObject\",\"inLanguage\":\"fr-FR\",\"@id\":\"https:\/\/www.alterwirt-hallbergmoos.de\/fr\/mentions-legales#primaryimage\",\"url\":\"https:\/\/www.alterwirt-hallbergmoos.de\/wp-content\/uploads\/2025\/04\/Hotel-Alter-Wirt-Hallbergmoos-Goldach-Zimmer-Galerie15.jpg\",\"contentUrl\":\"https:\/\/www.alterwirt-hallbergmoos.de\/wp-content\/uploads\/2025\/04\/Hotel-Alter-Wirt-Hallbergmoos-Goldach-Zimmer-Galerie15.jpg\",\"width\":1920,\"height\":1080,\"caption\":\"L'h\u00f4tel Alter Wirt en \u00e9t\u00e9\"},{\"@type\":\"BreadcrumbList\",\"@id\":\"https:\/\/www.alterwirt-hallbergmoos.de\/fr\/mentions-legales#breadcrumb\",\"itemListElement\":[{\"@type\":\"ListItem\",\"position\":1,\"name\":\"Startseite\",\"item\":\"https:\/\/www.alterwirt-hallbergmoos.de\/fr\/page-daccueil\"},{\"@type\":\"ListItem\",\"position\":2,\"name\":\"Mentions l\u00e9gales\"}]},{\"@type\":\"WebSite\",\"@id\":\"https:\/\/www.alterwirt-hallbergmoos.de\/fr#website\",\"url\":\"https:\/\/www.alterwirt-hallbergmoos.de\/fr\",\"name\":\"Hotel Alter Wirt Hallbergmoos\",\"description\":\"Genie\u00dfen Sie den Aufenthalt in unserem gem\u00fctlich eingerichteten &amp; Familiengef\u00fchrten Hotel Alter Wirt in Hallbergmoos \/ Goldach.\",\"publisher\":{\"@id\":\"https:\/\/www.alterwirt-hallbergmoos.de\/fr#organization\"},\"potentialAction\":[{\"@type\":\"SearchAction\",\"target\":{\"@type\":\"EntryPoint\",\"urlTemplate\":\"https:\/\/www.alterwirt-hallbergmoos.de\/fr?s={search_term_string}\"},\"query-input\":{\"@type\":\"PropertyValueSpecification\",\"valueRequired\":true,\"valueName\":\"search_term_string\"}}],\"inLanguage\":\"fr-FR\"},{\"@type\":\"Organization\",\"@id\":\"https:\/\/www.alterwirt-hallbergmoos.de\/fr#organization\",\"name\":\"Hotel Alter Wirt Hallbergmoos\",\"url\":\"https:\/\/www.alterwirt-hallbergmoos.de\/fr\",\"logo\":{\"@type\":\"ImageObject\",\"inLanguage\":\"fr-FR\",\"@id\":\"https:\/\/www.alterwirt-hallbergmoos.de\/fr#\/schema\/logo\/image\/\",\"url\":\"https:\/\/www.alterwirt-hallbergmoos.de\/wp-content\/uploads\/2025\/04\/Hotel-Alter-Wirt-Hallbergmoos-Goldach-Logo.svg\",\"contentUrl\":\"https:\/\/www.alterwirt-hallbergmoos.de\/wp-content\/uploads\/2025\/04\/Hotel-Alter-Wirt-Hallbergmoos-Goldach-Logo.svg\",\"width\":\"1024\",\"height\":\"1024\",\"caption\":\"Hotel Alter Wirt Hallbergmoos\"},\"image\":{\"@id\":\"https:\/\/www.alterwirt-hallbergmoos.de\/fr#\/schema\/logo\/image\/\"},\"sameAs\":[\"https:\/\/www.instagram.com\/hotel_alter_wirt_hallbergmoos\/\"]}]}<\/script>\n<!-- \/ Yoast SEO plugin. -->","yoast_head_json":{"title":"Mentions l\u00e9gales - Hotel Alter Wirt Hallbergmoos","robots":{"index":"index","follow":"follow","max-snippet":"max-snippet:-1","max-image-preview":"max-image-preview:large","max-video-preview":"max-video-preview:-1"},"canonical":"https:\/\/www.alterwirt-hallbergmoos.de\/fr\/mentions-legales","og_locale":"fr_FR","og_type":"article","og_title":"Mentions l\u00e9gales - Hotel Alter Wirt Hallbergmoos","og_url":"https:\/\/www.alterwirt-hallbergmoos.de\/fr\/mentions-legales","og_site_name":"Hotel Alter Wirt Hallbergmoos","article_modified_time":"2025-11-18T16:02:08+00:00","og_image":[{"width":1920,"height":1080,"url":"https:\/\/www.alterwirt-hallbergmoos.de\/wp-content\/uploads\/2025\/04\/Hotel-Alter-Wirt-Hallbergmoos-Goldach-Zimmer-Galerie15.jpg","type":"image\/jpeg"}],"twitter_card":"summary_large_image","twitter_misc":{"Dur\u00e9e de lecture estim\u00e9e":"1 minute"},"schema":{"@context":"https:\/\/schema.org","@graph":[{"@type":"WebPage","@id":"https:\/\/www.alterwirt-hallbergmoos.de\/fr\/mentions-legales","url":"https:\/\/www.alterwirt-hallbergmoos.de\/fr\/mentions-legales","name":"Mentions l\u00e9gales - Hotel Alter Wirt Hallbergmoos","isPartOf":{"@id":"https:\/\/www.alterwirt-hallbergmoos.de\/fr#website"},"primaryImageOfPage":{"@id":"https:\/\/www.alterwirt-hallbergmoos.de\/fr\/mentions-legales#primaryimage"},"image":{"@id":"https:\/\/www.alterwirt-hallbergmoos.de\/fr\/mentions-legales#primaryimage"},"thumbnailUrl":"https:\/\/www.alterwirt-hallbergmoos.de\/wp-content\/uploads\/2025\/04\/Hotel-Alter-Wirt-Hallbergmoos-Goldach-Zimmer-Galerie15.jpg","datePublished":"2025-04-04T05:35:09+00:00","dateModified":"2025-11-18T16:02:08+00:00","breadcrumb":{"@id":"https:\/\/www.alterwirt-hallbergmoos.de\/fr\/mentions-legales#breadcrumb"},"inLanguage":"fr-FR","potentialAction":[{"@type":"ReadAction","target":["https:\/\/www.alterwirt-hallbergmoos.de\/fr\/mentions-legales"]}]},{"@type":"ImageObject","inLanguage":"fr-FR","@id":"https:\/\/www.alterwirt-hallbergmoos.de\/fr\/mentions-legales#primaryimage","url":"https:\/\/www.alterwirt-hallbergmoos.de\/wp-content\/uploads\/2025\/04\/Hotel-Alter-Wirt-Hallbergmoos-Goldach-Zimmer-Galerie15.jpg","contentUrl":"https:\/\/www.alterwirt-hallbergmoos.de\/wp-content\/uploads\/2025\/04\/Hotel-Alter-Wirt-Hallbergmoos-Goldach-Zimmer-Galerie15.jpg","width":1920,"height":1080,"caption":"L'h\u00f4tel Alter Wirt en \u00e9t\u00e9"},{"@type":"BreadcrumbList","@id":"https:\/\/www.alterwirt-hallbergmoos.de\/fr\/mentions-legales#breadcrumb","itemListElement":[{"@type":"ListItem","position":1,"name":"Startseite","item":"https:\/\/www.alterwirt-hallbergmoos.de\/fr\/page-daccueil"},{"@type":"ListItem","position":2,"name":"Mentions l\u00e9gales"}]},{"@type":"WebSite","@id":"https:\/\/www.alterwirt-hallbergmoos.de\/fr#website","url":"https:\/\/www.alterwirt-hallbergmoos.de\/fr","name":"Hotel Alter Wirt Hallbergmoos","description":"Genie\u00dfen Sie den Aufenthalt in unserem gem\u00fctlich eingerichteten &amp; Familiengef\u00fchrten Hotel Alter Wirt in Hallbergmoos \/ Goldach.","publisher":{"@id":"https:\/\/www.alterwirt-hallbergmoos.de\/fr#organization"},"potentialAction":[{"@type":"SearchAction","target":{"@type":"EntryPoint","urlTemplate":"https:\/\/www.alterwirt-hallbergmoos.de\/fr?s={search_term_string}"},"query-input":{"@type":"PropertyValueSpecification","valueRequired":true,"valueName":"search_term_string"}}],"inLanguage":"fr-FR"},{"@type":"Organization","@id":"https:\/\/www.alterwirt-hallbergmoos.de\/fr#organization","name":"Hotel Alter Wirt Hallbergmoos","url":"https:\/\/www.alterwirt-hallbergmoos.de\/fr","logo":{"@type":"ImageObject","inLanguage":"fr-FR","@id":"https:\/\/www.alterwirt-hallbergmoos.de\/fr#\/schema\/logo\/image\/","url":"https:\/\/www.alterwirt-hallbergmoos.de\/wp-content\/uploads\/2025\/04\/Hotel-Alter-Wirt-Hallbergmoos-Goldach-Logo.svg","contentUrl":"https:\/\/www.alterwirt-hallbergmoos.de\/wp-content\/uploads\/2025\/04\/Hotel-Alter-Wirt-Hallbergmoos-Goldach-Logo.svg","width":"1024","height":"1024","caption":"Hotel Alter Wirt Hallbergmoos"},"image":{"@id":"https:\/\/www.alterwirt-hallbergmoos.de\/fr#\/schema\/logo\/image\/"},"sameAs":["https:\/\/www.instagram.com\/hotel_alter_wirt_hallbergmoos\/"]}]}},"_links":{"self":[{"href":"https:\/\/www.alterwirt-hallbergmoos.de\/fr\/wp-json\/wp\/v2\/pages\/717","targetHints":{"allow":["GET"]}}],"collection":[{"href":"https:\/\/www.alterwirt-hallbergmoos.de\/fr\/wp-json\/wp\/v2\/pages"}],"about":[{"href":"https:\/\/www.alterwirt-hallbergmoos.de\/fr\/wp-json\/wp\/v2\/types\/page"}],"author":[{"embeddable":true,"href":"https:\/\/www.alterwirt-hallbergmoos.de\/fr\/wp-json\/wp\/v2\/users\/1"}],"replies":[{"embeddable":true,"href":"https:\/\/www.alterwirt-hallbergmoos.de\/fr\/wp-json\/wp\/v2\/comments?post=717"}],"version-history":[{"count":2,"href":"https:\/\/www.alterwirt-hallbergmoos.de\/fr\/wp-json\/wp\/v2\/pages\/717\/revisions"}],"predecessor-version":[{"id":720,"href":"https:\/\/www.alterwirt-hallbergmoos.de\/fr\/wp-json\/wp\/v2\/pages\/717\/revisions\/720"}],"wp:featuredmedia":[{"embeddable":true,"href":"https:\/\/www.alterwirt-hallbergmoos.de\/fr\/wp-json\/wp\/v2\/media\/718"}],"wp:attachment":[{"href":"https:\/\/www.alterwirt-hallbergmoos.de\/fr\/wp-json\/wp\/v2\/media?parent=717"}],"curies":[{"name":"wp","href":"https:\/\/api.w.org\/{rel}","templated":true}]}}