{"id":724,"date":"2025-04-04T07:35:09","date_gmt":"2025-04-04T05:35:09","guid":{"rendered":"https:\/\/www.alterwirt-hallbergmoos.de\/pie-de-imprenta"},"modified":"2025-11-18T17:02:09","modified_gmt":"2025-11-18T16:02:09","slug":"pie-de-imprenta","status":"publish","type":"page","link":"https:\/\/www.alterwirt-hallbergmoos.de\/es\/pie-de-imprenta","title":{"rendered":"Pie de imprenta"},"content":{"rendered":"<section class=\"l-section wpb_row us_custom_f105e05b height_huge width_custom\" style=\"--site-content-width:1000px;\"><div class=\"l-section-h i-cf\"><div class=\"g-cols vc_row via_flex valign_middle type_default stacking_default\"><div class=\"vc_col-sm-12 wpb_column vc_column_container\"><div class=\"vc_column-inner\"><div class=\"wpb_wrapper\"><div class=\"g-cols wpb_row us_custom_1a19fe0b us_animate_this via_flex valign_middle type_default stacking_default\"><div class=\"vc_col-sm-12 wpb_column vc_column_container\"><div class=\"vc_column-inner\"><div class=\"wpb_wrapper\"><div class=\"wpb_text_column us_custom_faa800ee us_animate_this\"><div class=\"wpb_wrapper\"><h2>Pie de imprenta<\/h2>\n<\/div><\/div><div class=\"wpb_text_column\"><div class=\"wpb_wrapper\"><p>Alter Wirt e.K.<br \/>\nPropietario Berhnard Graf<br \/>\nHauptstra\u00dfe 66<br \/>\n85399 Hallbergmoos-Goldach<\/p>\n<p>Registro mercantil: HRA 83 454<br \/>\nTribunal de registro: M\u00fanich<\/p>\n<h2>Contacta con nosotros<\/h2>\n<p>Tel\u00e9fono: +49 811 - 55 14 0<br \/>\nFax: +49 811 - 55 14 99<br \/>\nCorreo electr\u00f3nico: info@alterwirt-hallbergmoos.de<\/p>\n<h2>N\u00famero de identificaci\u00f3n fiscal<\/h2>\n<p>N\u00famero de identificaci\u00f3n fiscal seg\u00fan el \u00a7 27 a de la ley del impuesto sobre las ventas:<br \/>\nDE213485963<\/p>\n<h2>Resoluci\u00f3n de litigios de consumo\/centro de arbitraje universal<\/h2>\n<p>No estamos dispuestos ni obligados a participar en procedimientos de resoluci\u00f3n de litigios ante una junta de arbitraje de consumo.<\/p>\n<h2>Concepci\u00f3n, dise\u00f1o y realizaci\u00f3n<\/h2>\n<p><a href=\"https:\/\/florian-schmidt.design\/\" target=\"_blank\" rel=\"noopener\">www.florian-schmidt.design<\/a><\/p>\n<h2>Cr\u00e9ditos de las im\u00e1genes<\/h2>\n<p>Habitaci\u00f3n y hotel, etc: \u00a9Hendrik K\u00f6hler <a href=\"https:\/\/www.kfoto.de\/\" target=\"_blank\" rel=\"noopener\">kfoto.de<\/a><br \/>\nPel\u00edcula del hotel: \u00a9Oliver Scholz <a href=\"https:\/\/www.oliver-film.de\/\" target=\"_blank\" rel=\"noopener\">oliver-film.de<\/a><br \/>\nFoto de familia: \u00a9envato elements halfpoint<br \/>\nInvitados a la feria: \u00a9envato elements drazenphoto<br \/>\nViajeros de negocios: \u00a9envato elements Rawpixel<br \/>\nViajeros de vacaciones: \u00a9envato elements Lightfieldstudios<br \/>\nTherme Erding: \u00a9Therme Erding<\/p>\n<\/div><\/div><\/div><\/div><\/div><\/div><\/div><\/div><\/div><\/div><\/div><\/section>\n","protected":false},"excerpt":{"rendered":"Pie de imprenta Alter Wirt e.K. Propietario Berhnard Graf Hauptstra\u00dfe 66 85399 Hallbergmoos-Goldach Registro mercantil: HRA 83 454 Tribunal de registro: M\u00fanich Contacta con nosotros Tel\u00e9fono: +49 811 - 55 14 0 Fax: +49 811 - 55 14 99 Correo electr\u00f3nico: info@alterwirt-hallbergmoos.de N\u00famero de identificaci\u00f3n fiscal N\u00famero de identificaci\u00f3n fiscal seg\u00fan el \u00a7 27 a...","protected":false},"author":1,"featured_media":379,"parent":0,"menu_order":0,"comment_status":"closed","ping_status":"closed","template":"","meta":{"footnotes":""},"class_list":["post-724","page","type-page","status-publish","has-post-thumbnail","hentry"],"yoast_head":"<!-- This site is optimized with the Yoast SEO plugin v26.4 - https:\/\/yoast.com\/wordpress\/plugins\/seo\/ -->\n<title>Pie de imprenta - Hotel Alter Wirt Hallbergmoos<\/title>\n<meta name=\"robots\" content=\"index, follow, max-snippet:-1, max-image-preview:large, max-video-preview:-1\" \/>\n<link rel=\"canonical\" href=\"https:\/\/www.alterwirt-hallbergmoos.de\/es\/pie-de-imprenta\" \/>\n<meta property=\"og:locale\" content=\"es_ES\" \/>\n<meta property=\"og:type\" content=\"article\" \/>\n<meta property=\"og:title\" content=\"Pie de imprenta - Hotel Alter Wirt Hallbergmoos\" \/>\n<meta property=\"og:url\" content=\"https:\/\/www.alterwirt-hallbergmoos.de\/es\/pie-de-imprenta\" \/>\n<meta property=\"og:site_name\" content=\"Hotel Alter Wirt Hallbergmoos\" \/>\n<meta property=\"article:modified_time\" content=\"2025-11-18T16:02:09+00:00\" \/>\n<meta property=\"og:image\" content=\"https:\/\/www.alterwirt-hallbergmoos.de\/wp-content\/uploads\/2025\/04\/Hotel-Alter-Wirt-Hallbergmoos-Goldach-Zimmer-Galerie15.jpg\" \/>\n\t<meta property=\"og:image:width\" content=\"1920\" \/>\n\t<meta property=\"og:image:height\" content=\"1080\" \/>\n\t<meta property=\"og:image:type\" content=\"image\/jpeg\" \/>\n<meta name=\"twitter:card\" content=\"summary_large_image\" \/>\n<meta name=\"twitter:label1\" content=\"Tiempo de lectura\" \/>\n\t<meta name=\"twitter:data1\" content=\"1 minuto\" \/>\n<script type=\"application\/ld+json\" class=\"yoast-schema-graph\">{\"@context\":\"https:\/\/schema.org\",\"@graph\":[{\"@type\":\"WebPage\",\"@id\":\"https:\/\/www.alterwirt-hallbergmoos.de\/es\/pie-de-imprenta\",\"url\":\"https:\/\/www.alterwirt-hallbergmoos.de\/es\/pie-de-imprenta\",\"name\":\"Pie de imprenta - Hotel Alter Wirt Hallbergmoos\",\"isPartOf\":{\"@id\":\"https:\/\/www.alterwirt-hallbergmoos.de\/es#website\"},\"primaryImageOfPage\":{\"@id\":\"https:\/\/www.alterwirt-hallbergmoos.de\/es\/pie-de-imprenta#primaryimage\"},\"image\":{\"@id\":\"https:\/\/www.alterwirt-hallbergmoos.de\/es\/pie-de-imprenta#primaryimage\"},\"thumbnailUrl\":\"https:\/\/www.alterwirt-hallbergmoos.de\/wp-content\/uploads\/2025\/04\/Hotel-Alter-Wirt-Hallbergmoos-Goldach-Zimmer-Galerie15.jpg\",\"datePublished\":\"2025-04-04T05:35:09+00:00\",\"dateModified\":\"2025-11-18T16:02:09+00:00\",\"breadcrumb\":{\"@id\":\"https:\/\/www.alterwirt-hallbergmoos.de\/es\/pie-de-imprenta#breadcrumb\"},\"inLanguage\":\"es\",\"potentialAction\":[{\"@type\":\"ReadAction\",\"target\":[\"https:\/\/www.alterwirt-hallbergmoos.de\/es\/pie-de-imprenta\"]}]},{\"@type\":\"ImageObject\",\"inLanguage\":\"es\",\"@id\":\"https:\/\/www.alterwirt-hallbergmoos.de\/es\/pie-de-imprenta#primaryimage\",\"url\":\"https:\/\/www.alterwirt-hallbergmoos.de\/wp-content\/uploads\/2025\/04\/Hotel-Alter-Wirt-Hallbergmoos-Goldach-Zimmer-Galerie15.jpg\",\"contentUrl\":\"https:\/\/www.alterwirt-hallbergmoos.de\/wp-content\/uploads\/2025\/04\/Hotel-Alter-Wirt-Hallbergmoos-Goldach-Zimmer-Galerie15.jpg\",\"width\":1920,\"height\":1080,\"caption\":\"Hotel Alter Wirt en verano\"},{\"@type\":\"BreadcrumbList\",\"@id\":\"https:\/\/www.alterwirt-hallbergmoos.de\/es\/pie-de-imprenta#breadcrumb\",\"itemListElement\":[{\"@type\":\"ListItem\",\"position\":1,\"name\":\"Startseite\",\"item\":\"https:\/\/www.alterwirt-hallbergmoos.de\/es\/pagina-de-inicio\"},{\"@type\":\"ListItem\",\"position\":2,\"name\":\"Pie de imprenta\"}]},{\"@type\":\"WebSite\",\"@id\":\"https:\/\/www.alterwirt-hallbergmoos.de\/es#website\",\"url\":\"https:\/\/www.alterwirt-hallbergmoos.de\/es\",\"name\":\"Hotel Alter Wirt Hallbergmoos\",\"description\":\"Genie\u00dfen Sie den Aufenthalt in unserem gem\u00fctlich eingerichteten &amp; Familiengef\u00fchrten Hotel Alter Wirt in Hallbergmoos \/ Goldach.\",\"publisher\":{\"@id\":\"https:\/\/www.alterwirt-hallbergmoos.de\/es#organization\"},\"potentialAction\":[{\"@type\":\"SearchAction\",\"target\":{\"@type\":\"EntryPoint\",\"urlTemplate\":\"https:\/\/www.alterwirt-hallbergmoos.de\/es?s={search_term_string}\"},\"query-input\":{\"@type\":\"PropertyValueSpecification\",\"valueRequired\":true,\"valueName\":\"search_term_string\"}}],\"inLanguage\":\"es\"},{\"@type\":\"Organization\",\"@id\":\"https:\/\/www.alterwirt-hallbergmoos.de\/es#organization\",\"name\":\"Hotel Alter Wirt Hallbergmoos\",\"url\":\"https:\/\/www.alterwirt-hallbergmoos.de\/es\",\"logo\":{\"@type\":\"ImageObject\",\"inLanguage\":\"es\",\"@id\":\"https:\/\/www.alterwirt-hallbergmoos.de\/es#\/schema\/logo\/image\/\",\"url\":\"https:\/\/www.alterwirt-hallbergmoos.de\/wp-content\/uploads\/2025\/04\/Hotel-Alter-Wirt-Hallbergmoos-Goldach-Logo.svg\",\"contentUrl\":\"https:\/\/www.alterwirt-hallbergmoos.de\/wp-content\/uploads\/2025\/04\/Hotel-Alter-Wirt-Hallbergmoos-Goldach-Logo.svg\",\"width\":\"1024\",\"height\":\"1024\",\"caption\":\"Hotel Alter Wirt Hallbergmoos\"},\"image\":{\"@id\":\"https:\/\/www.alterwirt-hallbergmoos.de\/es#\/schema\/logo\/image\/\"},\"sameAs\":[\"https:\/\/www.instagram.com\/hotel_alter_wirt_hallbergmoos\/\"]}]}<\/script>\n<!-- \/ Yoast SEO plugin. -->","yoast_head_json":{"title":"Pie de imprenta - Hotel Alter Wirt Hallbergmoos","robots":{"index":"index","follow":"follow","max-snippet":"max-snippet:-1","max-image-preview":"max-image-preview:large","max-video-preview":"max-video-preview:-1"},"canonical":"https:\/\/www.alterwirt-hallbergmoos.de\/es\/pie-de-imprenta","og_locale":"es_ES","og_type":"article","og_title":"Pie de imprenta - Hotel Alter Wirt Hallbergmoos","og_url":"https:\/\/www.alterwirt-hallbergmoos.de\/es\/pie-de-imprenta","og_site_name":"Hotel Alter Wirt Hallbergmoos","article_modified_time":"2025-11-18T16:02:09+00:00","og_image":[{"width":1920,"height":1080,"url":"https:\/\/www.alterwirt-hallbergmoos.de\/wp-content\/uploads\/2025\/04\/Hotel-Alter-Wirt-Hallbergmoos-Goldach-Zimmer-Galerie15.jpg","type":"image\/jpeg"}],"twitter_card":"summary_large_image","twitter_misc":{"Tiempo de lectura":"1 minuto"},"schema":{"@context":"https:\/\/schema.org","@graph":[{"@type":"WebPage","@id":"https:\/\/www.alterwirt-hallbergmoos.de\/es\/pie-de-imprenta","url":"https:\/\/www.alterwirt-hallbergmoos.de\/es\/pie-de-imprenta","name":"Pie de imprenta - Hotel Alter Wirt Hallbergmoos","isPartOf":{"@id":"https:\/\/www.alterwirt-hallbergmoos.de\/es#website"},"primaryImageOfPage":{"@id":"https:\/\/www.alterwirt-hallbergmoos.de\/es\/pie-de-imprenta#primaryimage"},"image":{"@id":"https:\/\/www.alterwirt-hallbergmoos.de\/es\/pie-de-imprenta#primaryimage"},"thumbnailUrl":"https:\/\/www.alterwirt-hallbergmoos.de\/wp-content\/uploads\/2025\/04\/Hotel-Alter-Wirt-Hallbergmoos-Goldach-Zimmer-Galerie15.jpg","datePublished":"2025-04-04T05:35:09+00:00","dateModified":"2025-11-18T16:02:09+00:00","breadcrumb":{"@id":"https:\/\/www.alterwirt-hallbergmoos.de\/es\/pie-de-imprenta#breadcrumb"},"inLanguage":"es","potentialAction":[{"@type":"ReadAction","target":["https:\/\/www.alterwirt-hallbergmoos.de\/es\/pie-de-imprenta"]}]},{"@type":"ImageObject","inLanguage":"es","@id":"https:\/\/www.alterwirt-hallbergmoos.de\/es\/pie-de-imprenta#primaryimage","url":"https:\/\/www.alterwirt-hallbergmoos.de\/wp-content\/uploads\/2025\/04\/Hotel-Alter-Wirt-Hallbergmoos-Goldach-Zimmer-Galerie15.jpg","contentUrl":"https:\/\/www.alterwirt-hallbergmoos.de\/wp-content\/uploads\/2025\/04\/Hotel-Alter-Wirt-Hallbergmoos-Goldach-Zimmer-Galerie15.jpg","width":1920,"height":1080,"caption":"Hotel Alter Wirt en verano"},{"@type":"BreadcrumbList","@id":"https:\/\/www.alterwirt-hallbergmoos.de\/es\/pie-de-imprenta#breadcrumb","itemListElement":[{"@type":"ListItem","position":1,"name":"Startseite","item":"https:\/\/www.alterwirt-hallbergmoos.de\/es\/pagina-de-inicio"},{"@type":"ListItem","position":2,"name":"Pie de imprenta"}]},{"@type":"WebSite","@id":"https:\/\/www.alterwirt-hallbergmoos.de\/es#website","url":"https:\/\/www.alterwirt-hallbergmoos.de\/es","name":"Hotel Alter Wirt Hallbergmoos","description":"Genie\u00dfen Sie den Aufenthalt in unserem gem\u00fctlich eingerichteten &amp; Familiengef\u00fchrten Hotel Alter Wirt in Hallbergmoos \/ Goldach.","publisher":{"@id":"https:\/\/www.alterwirt-hallbergmoos.de\/es#organization"},"potentialAction":[{"@type":"SearchAction","target":{"@type":"EntryPoint","urlTemplate":"https:\/\/www.alterwirt-hallbergmoos.de\/es?s={search_term_string}"},"query-input":{"@type":"PropertyValueSpecification","valueRequired":true,"valueName":"search_term_string"}}],"inLanguage":"es"},{"@type":"Organization","@id":"https:\/\/www.alterwirt-hallbergmoos.de\/es#organization","name":"Hotel Alter Wirt Hallbergmoos","url":"https:\/\/www.alterwirt-hallbergmoos.de\/es","logo":{"@type":"ImageObject","inLanguage":"es","@id":"https:\/\/www.alterwirt-hallbergmoos.de\/es#\/schema\/logo\/image\/","url":"https:\/\/www.alterwirt-hallbergmoos.de\/wp-content\/uploads\/2025\/04\/Hotel-Alter-Wirt-Hallbergmoos-Goldach-Logo.svg","contentUrl":"https:\/\/www.alterwirt-hallbergmoos.de\/wp-content\/uploads\/2025\/04\/Hotel-Alter-Wirt-Hallbergmoos-Goldach-Logo.svg","width":"1024","height":"1024","caption":"Hotel Alter Wirt Hallbergmoos"},"image":{"@id":"https:\/\/www.alterwirt-hallbergmoos.de\/es#\/schema\/logo\/image\/"},"sameAs":["https:\/\/www.instagram.com\/hotel_alter_wirt_hallbergmoos\/"]}]}},"_links":{"self":[{"href":"https:\/\/www.alterwirt-hallbergmoos.de\/es\/wp-json\/wp\/v2\/pages\/724","targetHints":{"allow":["GET"]}}],"collection":[{"href":"https:\/\/www.alterwirt-hallbergmoos.de\/es\/wp-json\/wp\/v2\/pages"}],"about":[{"href":"https:\/\/www.alterwirt-hallbergmoos.de\/es\/wp-json\/wp\/v2\/types\/page"}],"author":[{"embeddable":true,"href":"https:\/\/www.alterwirt-hallbergmoos.de\/es\/wp-json\/wp\/v2\/users\/1"}],"replies":[{"embeddable":true,"href":"https:\/\/www.alterwirt-hallbergmoos.de\/es\/wp-json\/wp\/v2\/comments?post=724"}],"version-history":[{"count":2,"href":"https:\/\/www.alterwirt-hallbergmoos.de\/es\/wp-json\/wp\/v2\/pages\/724\/revisions"}],"predecessor-version":[{"id":726,"href":"https:\/\/www.alterwirt-hallbergmoos.de\/es\/wp-json\/wp\/v2\/pages\/724\/revisions\/726"}],"wp:featuredmedia":[{"embeddable":true,"href":"https:\/\/www.alterwirt-hallbergmoos.de\/es\/wp-json\/wp\/v2\/media\/379"}],"wp:attachment":[{"href":"https:\/\/www.alterwirt-hallbergmoos.de\/es\/wp-json\/wp\/v2\/media?parent=724"}],"curies":[{"name":"wp","href":"https:\/\/api.w.org\/{rel}","templated":true}]}}