{"id":711,"date":"2025-04-04T07:25:28","date_gmt":"2025-04-04T05:25:28","guid":{"rendered":"https:\/\/www.alterwirt-hallbergmoos.de\/proximamente"},"modified":"2025-11-18T17:02:03","modified_gmt":"2025-11-18T16:02:03","slug":"proximamente","status":"publish","type":"page","link":"https:\/\/www.alterwirt-hallbergmoos.de\/es\/proximamente","title":{"rendered":"Pr\u00f3ximamente"},"content":{"rendered":"<section class=\"l-section wpb_row height_auto full_height valign_center with_video\"><div id=\"us_bg_video_g354\" class=\"l-section-video\"><script id=\"us_bg_video_g354-script\">!function(w){var node = document.getElementById( 'us_bg_video_g354' );if ( w.innerWidth <= 100 ) { node.remove() }}(window);<\/script><style>@media(max-width:100px){#us_bg_video_g354{display:none!important}}<\/style><video  autoplay loop muted playsinline preload=\"auto\" tabindex=\"-1\"><source type=\"video\/mp4\" src=\"https:\/\/www.alterwirt-hallbergmoos.de\/wp-content\/uploads\/2025\/04\/Hotel-Alter-Wirt-Hallbergmoos-Goldach-Startscreen.mp4\" \/><\/video><\/div><div class=\"l-section-overlay\" style=\"background:rgba(0,0,0,0.3)\"><\/div><div class=\"l-section-h i-cf\"><div class=\"g-cols vc_row via_flex valign_top type_default stacking_default\"><div class=\"vc_col-sm-12 wpb_column vc_column_container\"><div class=\"vc_column-inner\"><div class=\"wpb_wrapper\"><div class=\"g-cols wpb_row us_custom_e2c4e10f via_flex valign_middle type_default stacking_default\"><div class=\"vc_col-sm-6 wpb_column vc_column_container\"><div class=\"vc_column-inner\"><div class=\"wpb_wrapper\"><div class=\"w-image us_custom_97df3927 align_none\"><div class=\"w-image-h\"><img decoding=\"async\" width=\"1024\" height=\"1024\" src=\"https:\/\/www.alterwirt-hallbergmoos.de\/wp-content\/uploads\/2025\/04\/Hotel-Alter-Wirt-Hallbergmoos-Goldach-Logo.svg\" class=\"attachment-large size-large\" alt=\"Hotel Alter Wirt Hallbergmoos Goldach Logo\" loading=\"lazy\" \/><\/div><\/div><div class=\"wpb_text_column us_custom_f2eec366\"><div class=\"wpb_wrapper\"><h3 style=\"text-align: left;\">Estimados hu\u00e9spedes y visitantes,<br \/>estamos revisando nuestro sitio web para vosotros. Mientras tanto, puedes contactar con nosotros como de costumbre. <\/h3>\n<\/div><\/div><\/div><\/div><\/div><div class=\"vc_col-sm-6 wpb_column vc_column_container\"><div class=\"vc_column-inner\"><div class=\"wpb_wrapper\"><div class=\"wpb_text_column\"><div class=\"wpb_wrapper\"><p style=\"text-align: left;\">Hauptstra\u00dfe 66<br \/>85399 Hallbergmoos-Goldach<\/p>\n<p>Tel\u00e9fono +49 811 \/ 55 14 0<br \/>Fax +49 811 \/ 55 14 99 <br \/><span id=\"cloakc0ca1eab1ddc894830587d0074d1fcbd\"><a href=\"mailto:info@alterwirt-hallbergmoos.de\">info@alterwirt-hallbergmoos.de<\/a><\/span><\/p>\n<\/div><\/div><\/div><\/div><\/div><\/div><div class=\"g-cols wpb_row us_custom_3d941d8a us_animate_this via_flex valign_top type_default stacking_default\"><div class=\"vc_col-sm-12 wpb_column vc_column_container\"><div class=\"vc_column-inner\"><div class=\"wpb_wrapper\"><div class=\"w-html\"><div id=\"d21-quickbook\" data-d21=\"{'hasHorizontalOrientation':true}\"> <\/div><\/div><\/div><\/div><\/div><\/div><\/div><\/div><\/div><\/div><\/div><\/section>\n","protected":false},"excerpt":{"rendered":"Estimados hu\u00e9spedes y visitantes,estamos revisando nuestro sitio web para vosotros. Mientras tanto, puedes contactar con nosotros como de costumbre. Hauptstra\u00dfe 6685399 Hallbergmoos-Goldach Tel\u00e9fono +49 811 \/ 55 14 0Fax +49 811 \/ 55 14 99 info@alterwirt-hallbergmoos.de","protected":false},"author":1,"featured_media":0,"parent":0,"menu_order":0,"comment_status":"closed","ping_status":"closed","template":"","meta":{"footnotes":""},"class_list":["post-711","page","type-page","status-publish","hentry"],"yoast_head":"<!-- This site is optimized with the Yoast SEO plugin v26.4 - https:\/\/yoast.com\/wordpress\/plugins\/seo\/ -->\n<title>Pr\u00f3ximamente - Hotel Alter Wirt Hallbergmoos<\/title>\n<meta name=\"robots\" content=\"index, follow, max-snippet:-1, max-image-preview:large, max-video-preview:-1\" \/>\n<link rel=\"canonical\" href=\"https:\/\/www.alterwirt-hallbergmoos.de\/es\/proximamente\" \/>\n<meta property=\"og:locale\" content=\"es_ES\" \/>\n<meta property=\"og:type\" content=\"article\" \/>\n<meta property=\"og:title\" content=\"Pr\u00f3ximamente - Hotel Alter Wirt Hallbergmoos\" \/>\n<meta property=\"og:url\" content=\"https:\/\/www.alterwirt-hallbergmoos.de\/es\/proximamente\" \/>\n<meta property=\"og:site_name\" content=\"Hotel Alter Wirt Hallbergmoos\" \/>\n<meta property=\"article:modified_time\" content=\"2025-11-18T16:02:03+00:00\" \/>\n<meta name=\"twitter:card\" content=\"summary_large_image\" \/>\n<meta name=\"twitter:label1\" content=\"Tiempo de lectura\" \/>\n\t<meta name=\"twitter:data1\" content=\"1 minuto\" \/>\n<script type=\"application\/ld+json\" class=\"yoast-schema-graph\">{\"@context\":\"https:\/\/schema.org\",\"@graph\":[{\"@type\":\"WebPage\",\"@id\":\"https:\/\/www.alterwirt-hallbergmoos.de\/es\/proximamente\",\"url\":\"https:\/\/www.alterwirt-hallbergmoos.de\/es\/proximamente\",\"name\":\"Pr\u00f3ximamente - Hotel Alter Wirt Hallbergmoos\",\"isPartOf\":{\"@id\":\"https:\/\/www.alterwirt-hallbergmoos.de\/es#website\"},\"datePublished\":\"2025-04-04T05:25:28+00:00\",\"dateModified\":\"2025-11-18T16:02:03+00:00\",\"breadcrumb\":{\"@id\":\"https:\/\/www.alterwirt-hallbergmoos.de\/es\/proximamente#breadcrumb\"},\"inLanguage\":\"es\",\"potentialAction\":[{\"@type\":\"ReadAction\",\"target\":[\"https:\/\/www.alterwirt-hallbergmoos.de\/es\/proximamente\"]}]},{\"@type\":\"BreadcrumbList\",\"@id\":\"https:\/\/www.alterwirt-hallbergmoos.de\/es\/proximamente#breadcrumb\",\"itemListElement\":[{\"@type\":\"ListItem\",\"position\":1,\"name\":\"Startseite\",\"item\":\"https:\/\/www.alterwirt-hallbergmoos.de\/es\/pagina-de-inicio\"},{\"@type\":\"ListItem\",\"position\":2,\"name\":\"Pr\u00f3ximamente\"}]},{\"@type\":\"WebSite\",\"@id\":\"https:\/\/www.alterwirt-hallbergmoos.de\/es#website\",\"url\":\"https:\/\/www.alterwirt-hallbergmoos.de\/es\",\"name\":\"Hotel Alter Wirt Hallbergmoos\",\"description\":\"Genie\u00dfen Sie den Aufenthalt in unserem gem\u00fctlich eingerichteten &amp; Familiengef\u00fchrten Hotel Alter Wirt in Hallbergmoos \/ Goldach.\",\"publisher\":{\"@id\":\"https:\/\/www.alterwirt-hallbergmoos.de\/es#organization\"},\"potentialAction\":[{\"@type\":\"SearchAction\",\"target\":{\"@type\":\"EntryPoint\",\"urlTemplate\":\"https:\/\/www.alterwirt-hallbergmoos.de\/es?s={search_term_string}\"},\"query-input\":{\"@type\":\"PropertyValueSpecification\",\"valueRequired\":true,\"valueName\":\"search_term_string\"}}],\"inLanguage\":\"es\"},{\"@type\":\"Organization\",\"@id\":\"https:\/\/www.alterwirt-hallbergmoos.de\/es#organization\",\"name\":\"Hotel Alter Wirt Hallbergmoos\",\"url\":\"https:\/\/www.alterwirt-hallbergmoos.de\/es\",\"logo\":{\"@type\":\"ImageObject\",\"inLanguage\":\"es\",\"@id\":\"https:\/\/www.alterwirt-hallbergmoos.de\/es#\/schema\/logo\/image\/\",\"url\":\"https:\/\/www.alterwirt-hallbergmoos.de\/wp-content\/uploads\/2025\/04\/Hotel-Alter-Wirt-Hallbergmoos-Goldach-Logo.svg\",\"contentUrl\":\"https:\/\/www.alterwirt-hallbergmoos.de\/wp-content\/uploads\/2025\/04\/Hotel-Alter-Wirt-Hallbergmoos-Goldach-Logo.svg\",\"width\":\"1024\",\"height\":\"1024\",\"caption\":\"Hotel Alter Wirt Hallbergmoos\"},\"image\":{\"@id\":\"https:\/\/www.alterwirt-hallbergmoos.de\/es#\/schema\/logo\/image\/\"},\"sameAs\":[\"https:\/\/www.instagram.com\/hotel_alter_wirt_hallbergmoos\/\"]}]}<\/script>\n<!-- \/ Yoast SEO plugin. -->","yoast_head_json":{"title":"Pr\u00f3ximamente - Hotel Alter Wirt Hallbergmoos","robots":{"index":"index","follow":"follow","max-snippet":"max-snippet:-1","max-image-preview":"max-image-preview:large","max-video-preview":"max-video-preview:-1"},"canonical":"https:\/\/www.alterwirt-hallbergmoos.de\/es\/proximamente","og_locale":"es_ES","og_type":"article","og_title":"Pr\u00f3ximamente - Hotel Alter Wirt Hallbergmoos","og_url":"https:\/\/www.alterwirt-hallbergmoos.de\/es\/proximamente","og_site_name":"Hotel Alter Wirt Hallbergmoos","article_modified_time":"2025-11-18T16:02:03+00:00","twitter_card":"summary_large_image","twitter_misc":{"Tiempo de lectura":"1 minuto"},"schema":{"@context":"https:\/\/schema.org","@graph":[{"@type":"WebPage","@id":"https:\/\/www.alterwirt-hallbergmoos.de\/es\/proximamente","url":"https:\/\/www.alterwirt-hallbergmoos.de\/es\/proximamente","name":"Pr\u00f3ximamente - Hotel Alter Wirt Hallbergmoos","isPartOf":{"@id":"https:\/\/www.alterwirt-hallbergmoos.de\/es#website"},"datePublished":"2025-04-04T05:25:28+00:00","dateModified":"2025-11-18T16:02:03+00:00","breadcrumb":{"@id":"https:\/\/www.alterwirt-hallbergmoos.de\/es\/proximamente#breadcrumb"},"inLanguage":"es","potentialAction":[{"@type":"ReadAction","target":["https:\/\/www.alterwirt-hallbergmoos.de\/es\/proximamente"]}]},{"@type":"BreadcrumbList","@id":"https:\/\/www.alterwirt-hallbergmoos.de\/es\/proximamente#breadcrumb","itemListElement":[{"@type":"ListItem","position":1,"name":"Startseite","item":"https:\/\/www.alterwirt-hallbergmoos.de\/es\/pagina-de-inicio"},{"@type":"ListItem","position":2,"name":"Pr\u00f3ximamente"}]},{"@type":"WebSite","@id":"https:\/\/www.alterwirt-hallbergmoos.de\/es#website","url":"https:\/\/www.alterwirt-hallbergmoos.de\/es","name":"Hotel Alter Wirt Hallbergmoos","description":"Genie\u00dfen Sie den Aufenthalt in unserem gem\u00fctlich eingerichteten &amp; Familiengef\u00fchrten Hotel Alter Wirt in Hallbergmoos \/ Goldach.","publisher":{"@id":"https:\/\/www.alterwirt-hallbergmoos.de\/es#organization"},"potentialAction":[{"@type":"SearchAction","target":{"@type":"EntryPoint","urlTemplate":"https:\/\/www.alterwirt-hallbergmoos.de\/es?s={search_term_string}"},"query-input":{"@type":"PropertyValueSpecification","valueRequired":true,"valueName":"search_term_string"}}],"inLanguage":"es"},{"@type":"Organization","@id":"https:\/\/www.alterwirt-hallbergmoos.de\/es#organization","name":"Hotel Alter Wirt Hallbergmoos","url":"https:\/\/www.alterwirt-hallbergmoos.de\/es","logo":{"@type":"ImageObject","inLanguage":"es","@id":"https:\/\/www.alterwirt-hallbergmoos.de\/es#\/schema\/logo\/image\/","url":"https:\/\/www.alterwirt-hallbergmoos.de\/wp-content\/uploads\/2025\/04\/Hotel-Alter-Wirt-Hallbergmoos-Goldach-Logo.svg","contentUrl":"https:\/\/www.alterwirt-hallbergmoos.de\/wp-content\/uploads\/2025\/04\/Hotel-Alter-Wirt-Hallbergmoos-Goldach-Logo.svg","width":"1024","height":"1024","caption":"Hotel Alter Wirt Hallbergmoos"},"image":{"@id":"https:\/\/www.alterwirt-hallbergmoos.de\/es#\/schema\/logo\/image\/"},"sameAs":["https:\/\/www.instagram.com\/hotel_alter_wirt_hallbergmoos\/"]}]}},"_links":{"self":[{"href":"https:\/\/www.alterwirt-hallbergmoos.de\/es\/wp-json\/wp\/v2\/pages\/711","targetHints":{"allow":["GET"]}}],"collection":[{"href":"https:\/\/www.alterwirt-hallbergmoos.de\/es\/wp-json\/wp\/v2\/pages"}],"about":[{"href":"https:\/\/www.alterwirt-hallbergmoos.de\/es\/wp-json\/wp\/v2\/types\/page"}],"author":[{"embeddable":true,"href":"https:\/\/www.alterwirt-hallbergmoos.de\/es\/wp-json\/wp\/v2\/users\/1"}],"replies":[{"embeddable":true,"href":"https:\/\/www.alterwirt-hallbergmoos.de\/es\/wp-json\/wp\/v2\/comments?post=711"}],"version-history":[{"count":2,"href":"https:\/\/www.alterwirt-hallbergmoos.de\/es\/wp-json\/wp\/v2\/pages\/711\/revisions"}],"predecessor-version":[{"id":713,"href":"https:\/\/www.alterwirt-hallbergmoos.de\/es\/wp-json\/wp\/v2\/pages\/711\/revisions\/713"}],"wp:attachment":[{"href":"https:\/\/www.alterwirt-hallbergmoos.de\/es\/wp-json\/wp\/v2\/media?parent=711"}],"curies":[{"name":"wp","href":"https:\/\/api.w.org\/{rel}","templated":true}]}}