{"id":618,"date":"2025-04-04T07:35:09","date_gmt":"2025-04-04T05:35:09","guid":{"rendered":"https:\/\/www.alterwirt-hallbergmoos.de\/imprint"},"modified":"2025-11-18T16:21:06","modified_gmt":"2025-11-18T15:21:06","slug":"imprint","status":"publish","type":"page","link":"https:\/\/www.alterwirt-hallbergmoos.de\/en\/imprint","title":{"rendered":"Imprint"},"content":{"rendered":"<section class=\"l-section wpb_row us_custom_f105e05b height_huge width_custom\" style=\"--site-content-width:1000px;\"><div class=\"l-section-h i-cf\"><div class=\"g-cols vc_row via_flex valign_middle type_default stacking_default\"><div class=\"vc_col-sm-12 wpb_column vc_column_container\"><div class=\"vc_column-inner\"><div class=\"wpb_wrapper\"><div class=\"g-cols wpb_row us_custom_1a19fe0b us_animate_this via_flex valign_middle type_default stacking_default\"><div class=\"vc_col-sm-12 wpb_column vc_column_container\"><div class=\"vc_column-inner\"><div class=\"wpb_wrapper\"><div class=\"wpb_text_column us_custom_faa800ee us_animate_this\"><div class=\"wpb_wrapper\"><h2>Imprint<\/h2>\n<\/div><\/div><div class=\"wpb_text_column\"><div class=\"wpb_wrapper\"><p>Alter Wirt e.K.<br \/>\nOwner Berhnard Graf<br \/>\nHauptstra\u00dfe 66<br \/>\n85399 Hallbergmoos-Goldach<\/p>\n<p>Commercial Register: HRA 83 454<br \/>\nRegister Court: Munich<\/p>\n<h2>Contact<\/h2>\n<p>Telephone: +49 811 \u2013 55 14 0<br \/>\nTelefax: +49 811 \u2013 55 14 99<br \/>\nE-mail: info@alterwirt-hallbergmoos.de<\/p>\n<h2>VAT ID<\/h2>\n<p>Sales tax identification number according to \u00a7 27 a Value Added Tax Act:<br \/>\nDE213485963<\/p>\n<h2>Consumer Dispute Resolution\/Universal Arbitration Board<\/h2>\n<p>We are neither willing nor obliged to participate in dispute resolution proceedings before a consumer arbitration board.<\/p>\n<h2>Concept, Design &amp; Implementation<\/h2>\n<p><a href=\"https:\/\/florian-schmidt.design\/\" target=\"_blank\" rel=\"noopener\">www.florian-schmidt.design<\/a><\/p>\n<h2>Image Credits<\/h2>\n<p>Rooms &amp; Hotel etc.: \u00a9Hendrik K\u00f6hler  <a href=\"https:\/\/www.kfoto.de\/\" target=\"_blank\" rel=\"noopener\">kfoto.de<\/a><br \/>\nHotel film: \u00a9Oliver Scholz  <a href=\"https:\/\/www.oliver-film.de\/\" target=\"_blank\" rel=\"noopener\">oliver-film.de<\/a><br \/>\nFamily photo: \u00a9envato elements halfpoint<br \/>\nTrade fair guests: \u00a9envato elements drazenphoto<br \/>\nBusiness travelers: \u00a9envato elements Rawpixel<br \/>\nVacationers: \u00a9envato elements Lightfieldstudios<br \/>\nTherme Erding: \u00a9Therme Erding<\/p>\n<\/div><\/div><\/div><\/div><\/div><\/div><\/div><\/div><\/div><\/div><\/div><\/section>\n","protected":false},"excerpt":{"rendered":"Imprint Alter Wirt e.K. Owner Berhnard Graf Hauptstra\u00dfe 66 85399 Hallbergmoos-Goldach Commercial Register: HRA 83 454 Register Court: Munich Contact Telephone: +49 811 \u2013 55 14 0 Telefax: +49 811 \u2013 55 14 99 E-mail: info@alterwirt-hallbergmoos.de VAT ID Sales tax identification number according to \u00a7 27 a Value Added Tax Act: DE213485963 Consumer Dispute Resolution\/Universal...","protected":false},"author":1,"featured_media":378,"parent":0,"menu_order":0,"comment_status":"closed","ping_status":"closed","template":"","meta":{"footnotes":""},"class_list":["post-618","page","type-page","status-publish","has-post-thumbnail","hentry"],"yoast_head":"<!-- This site is optimized with the Yoast SEO plugin v26.4 - https:\/\/yoast.com\/wordpress\/plugins\/seo\/ -->\n<title>Imprint - Hotel Alter Wirt Hallbergmoos<\/title>\n<meta name=\"robots\" content=\"index, follow, max-snippet:-1, max-image-preview:large, max-video-preview:-1\" \/>\n<link rel=\"canonical\" href=\"https:\/\/www.alterwirt-hallbergmoos.de\/en\/imprint\" \/>\n<meta property=\"og:locale\" content=\"en_US\" \/>\n<meta property=\"og:type\" content=\"article\" \/>\n<meta property=\"og:title\" content=\"Imprint - Hotel Alter Wirt Hallbergmoos\" \/>\n<meta property=\"og:url\" content=\"https:\/\/www.alterwirt-hallbergmoos.de\/en\/imprint\" \/>\n<meta property=\"og:site_name\" content=\"Hotel Alter Wirt Hallbergmoos\" \/>\n<meta property=\"article:modified_time\" content=\"2025-11-18T15:21:06+00:00\" \/>\n<meta property=\"og:image\" content=\"https:\/\/www.alterwirt-hallbergmoos.de\/wp-content\/uploads\/2025\/04\/Hotel-Alter-Wirt-Hallbergmoos-Goldach-Zimmer-Galerie15.jpg\" \/>\n\t<meta property=\"og:image:width\" content=\"1920\" \/>\n\t<meta property=\"og:image:height\" content=\"1080\" \/>\n\t<meta property=\"og:image:type\" content=\"image\/jpeg\" \/>\n<meta name=\"twitter:card\" content=\"summary_large_image\" \/>\n<meta name=\"twitter:label1\" content=\"Est. reading time\" \/>\n\t<meta name=\"twitter:data1\" content=\"1 minute\" \/>\n<script type=\"application\/ld+json\" class=\"yoast-schema-graph\">{\"@context\":\"https:\/\/schema.org\",\"@graph\":[{\"@type\":\"WebPage\",\"@id\":\"https:\/\/www.alterwirt-hallbergmoos.de\/en\/imprint\",\"url\":\"https:\/\/www.alterwirt-hallbergmoos.de\/en\/imprint\",\"name\":\"Imprint - Hotel Alter Wirt Hallbergmoos\",\"isPartOf\":{\"@id\":\"https:\/\/www.alterwirt-hallbergmoos.de\/en#website\"},\"primaryImageOfPage\":{\"@id\":\"https:\/\/www.alterwirt-hallbergmoos.de\/en\/imprint#primaryimage\"},\"image\":{\"@id\":\"https:\/\/www.alterwirt-hallbergmoos.de\/en\/imprint#primaryimage\"},\"thumbnailUrl\":\"https:\/\/www.alterwirt-hallbergmoos.de\/wp-content\/uploads\/2025\/04\/Hotel-Alter-Wirt-Hallbergmoos-Goldach-Zimmer-Galerie15.jpg\",\"datePublished\":\"2025-04-04T05:35:09+00:00\",\"dateModified\":\"2025-11-18T15:21:06+00:00\",\"breadcrumb\":{\"@id\":\"https:\/\/www.alterwirt-hallbergmoos.de\/en\/imprint#breadcrumb\"},\"inLanguage\":\"en-US\",\"potentialAction\":[{\"@type\":\"ReadAction\",\"target\":[\"https:\/\/www.alterwirt-hallbergmoos.de\/en\/imprint\"]}]},{\"@type\":\"ImageObject\",\"inLanguage\":\"en-US\",\"@id\":\"https:\/\/www.alterwirt-hallbergmoos.de\/en\/imprint#primaryimage\",\"url\":\"https:\/\/www.alterwirt-hallbergmoos.de\/wp-content\/uploads\/2025\/04\/Hotel-Alter-Wirt-Hallbergmoos-Goldach-Zimmer-Galerie15.jpg\",\"contentUrl\":\"https:\/\/www.alterwirt-hallbergmoos.de\/wp-content\/uploads\/2025\/04\/Hotel-Alter-Wirt-Hallbergmoos-Goldach-Zimmer-Galerie15.jpg\",\"width\":1920,\"height\":1080,\"caption\":\"Hotel Alter Wirt in Summer\"},{\"@type\":\"BreadcrumbList\",\"@id\":\"https:\/\/www.alterwirt-hallbergmoos.de\/en\/imprint#breadcrumb\",\"itemListElement\":[{\"@type\":\"ListItem\",\"position\":1,\"name\":\"Startseite\",\"item\":\"https:\/\/www.alterwirt-hallbergmoos.de\/en\/homepage\"},{\"@type\":\"ListItem\",\"position\":2,\"name\":\"Imprint\"}]},{\"@type\":\"WebSite\",\"@id\":\"https:\/\/www.alterwirt-hallbergmoos.de\/en#website\",\"url\":\"https:\/\/www.alterwirt-hallbergmoos.de\/en\",\"name\":\"Hotel Alter Wirt Hallbergmoos\",\"description\":\"Genie\u00dfen Sie den Aufenthalt in unserem gem\u00fctlich eingerichteten &amp; Familiengef\u00fchrten Hotel Alter Wirt in Hallbergmoos \/ Goldach.\",\"publisher\":{\"@id\":\"https:\/\/www.alterwirt-hallbergmoos.de\/en#organization\"},\"potentialAction\":[{\"@type\":\"SearchAction\",\"target\":{\"@type\":\"EntryPoint\",\"urlTemplate\":\"https:\/\/www.alterwirt-hallbergmoos.de\/en?s={search_term_string}\"},\"query-input\":{\"@type\":\"PropertyValueSpecification\",\"valueRequired\":true,\"valueName\":\"search_term_string\"}}],\"inLanguage\":\"en-US\"},{\"@type\":\"Organization\",\"@id\":\"https:\/\/www.alterwirt-hallbergmoos.de\/en#organization\",\"name\":\"Hotel Alter Wirt Hallbergmoos\",\"url\":\"https:\/\/www.alterwirt-hallbergmoos.de\/en\",\"logo\":{\"@type\":\"ImageObject\",\"inLanguage\":\"en-US\",\"@id\":\"https:\/\/www.alterwirt-hallbergmoos.de\/en#\/schema\/logo\/image\/\",\"url\":\"https:\/\/www.alterwirt-hallbergmoos.de\/wp-content\/uploads\/2025\/04\/Hotel-Alter-Wirt-Hallbergmoos-Goldach-Logo.svg\",\"contentUrl\":\"https:\/\/www.alterwirt-hallbergmoos.de\/wp-content\/uploads\/2025\/04\/Hotel-Alter-Wirt-Hallbergmoos-Goldach-Logo.svg\",\"width\":\"1024\",\"height\":\"1024\",\"caption\":\"Hotel Alter Wirt Hallbergmoos\"},\"image\":{\"@id\":\"https:\/\/www.alterwirt-hallbergmoos.de\/en#\/schema\/logo\/image\/\"},\"sameAs\":[\"https:\/\/www.instagram.com\/hotel_alter_wirt_hallbergmoos\/\"]}]}<\/script>\n<!-- \/ Yoast SEO plugin. -->","yoast_head_json":{"title":"Imprint - Hotel Alter Wirt Hallbergmoos","robots":{"index":"index","follow":"follow","max-snippet":"max-snippet:-1","max-image-preview":"max-image-preview:large","max-video-preview":"max-video-preview:-1"},"canonical":"https:\/\/www.alterwirt-hallbergmoos.de\/en\/imprint","og_locale":"en_US","og_type":"article","og_title":"Imprint - Hotel Alter Wirt Hallbergmoos","og_url":"https:\/\/www.alterwirt-hallbergmoos.de\/en\/imprint","og_site_name":"Hotel Alter Wirt Hallbergmoos","article_modified_time":"2025-11-18T15:21:06+00:00","og_image":[{"width":1920,"height":1080,"url":"https:\/\/www.alterwirt-hallbergmoos.de\/wp-content\/uploads\/2025\/04\/Hotel-Alter-Wirt-Hallbergmoos-Goldach-Zimmer-Galerie15.jpg","type":"image\/jpeg"}],"twitter_card":"summary_large_image","twitter_misc":{"Est. reading time":"1 minute"},"schema":{"@context":"https:\/\/schema.org","@graph":[{"@type":"WebPage","@id":"https:\/\/www.alterwirt-hallbergmoos.de\/en\/imprint","url":"https:\/\/www.alterwirt-hallbergmoos.de\/en\/imprint","name":"Imprint - Hotel Alter Wirt Hallbergmoos","isPartOf":{"@id":"https:\/\/www.alterwirt-hallbergmoos.de\/en#website"},"primaryImageOfPage":{"@id":"https:\/\/www.alterwirt-hallbergmoos.de\/en\/imprint#primaryimage"},"image":{"@id":"https:\/\/www.alterwirt-hallbergmoos.de\/en\/imprint#primaryimage"},"thumbnailUrl":"https:\/\/www.alterwirt-hallbergmoos.de\/wp-content\/uploads\/2025\/04\/Hotel-Alter-Wirt-Hallbergmoos-Goldach-Zimmer-Galerie15.jpg","datePublished":"2025-04-04T05:35:09+00:00","dateModified":"2025-11-18T15:21:06+00:00","breadcrumb":{"@id":"https:\/\/www.alterwirt-hallbergmoos.de\/en\/imprint#breadcrumb"},"inLanguage":"en-US","potentialAction":[{"@type":"ReadAction","target":["https:\/\/www.alterwirt-hallbergmoos.de\/en\/imprint"]}]},{"@type":"ImageObject","inLanguage":"en-US","@id":"https:\/\/www.alterwirt-hallbergmoos.de\/en\/imprint#primaryimage","url":"https:\/\/www.alterwirt-hallbergmoos.de\/wp-content\/uploads\/2025\/04\/Hotel-Alter-Wirt-Hallbergmoos-Goldach-Zimmer-Galerie15.jpg","contentUrl":"https:\/\/www.alterwirt-hallbergmoos.de\/wp-content\/uploads\/2025\/04\/Hotel-Alter-Wirt-Hallbergmoos-Goldach-Zimmer-Galerie15.jpg","width":1920,"height":1080,"caption":"Hotel Alter Wirt in Summer"},{"@type":"BreadcrumbList","@id":"https:\/\/www.alterwirt-hallbergmoos.de\/en\/imprint#breadcrumb","itemListElement":[{"@type":"ListItem","position":1,"name":"Startseite","item":"https:\/\/www.alterwirt-hallbergmoos.de\/en\/homepage"},{"@type":"ListItem","position":2,"name":"Imprint"}]},{"@type":"WebSite","@id":"https:\/\/www.alterwirt-hallbergmoos.de\/en#website","url":"https:\/\/www.alterwirt-hallbergmoos.de\/en","name":"Hotel Alter Wirt Hallbergmoos","description":"Genie\u00dfen Sie den Aufenthalt in unserem gem\u00fctlich eingerichteten &amp; Familiengef\u00fchrten Hotel Alter Wirt in Hallbergmoos \/ Goldach.","publisher":{"@id":"https:\/\/www.alterwirt-hallbergmoos.de\/en#organization"},"potentialAction":[{"@type":"SearchAction","target":{"@type":"EntryPoint","urlTemplate":"https:\/\/www.alterwirt-hallbergmoos.de\/en?s={search_term_string}"},"query-input":{"@type":"PropertyValueSpecification","valueRequired":true,"valueName":"search_term_string"}}],"inLanguage":"en-US"},{"@type":"Organization","@id":"https:\/\/www.alterwirt-hallbergmoos.de\/en#organization","name":"Hotel Alter Wirt Hallbergmoos","url":"https:\/\/www.alterwirt-hallbergmoos.de\/en","logo":{"@type":"ImageObject","inLanguage":"en-US","@id":"https:\/\/www.alterwirt-hallbergmoos.de\/en#\/schema\/logo\/image\/","url":"https:\/\/www.alterwirt-hallbergmoos.de\/wp-content\/uploads\/2025\/04\/Hotel-Alter-Wirt-Hallbergmoos-Goldach-Logo.svg","contentUrl":"https:\/\/www.alterwirt-hallbergmoos.de\/wp-content\/uploads\/2025\/04\/Hotel-Alter-Wirt-Hallbergmoos-Goldach-Logo.svg","width":"1024","height":"1024","caption":"Hotel Alter Wirt Hallbergmoos"},"image":{"@id":"https:\/\/www.alterwirt-hallbergmoos.de\/en#\/schema\/logo\/image\/"},"sameAs":["https:\/\/www.instagram.com\/hotel_alter_wirt_hallbergmoos\/"]}]}},"_links":{"self":[{"href":"https:\/\/www.alterwirt-hallbergmoos.de\/en\/wp-json\/wp\/v2\/pages\/618","targetHints":{"allow":["GET"]}}],"collection":[{"href":"https:\/\/www.alterwirt-hallbergmoos.de\/en\/wp-json\/wp\/v2\/pages"}],"about":[{"href":"https:\/\/www.alterwirt-hallbergmoos.de\/en\/wp-json\/wp\/v2\/types\/page"}],"author":[{"embeddable":true,"href":"https:\/\/www.alterwirt-hallbergmoos.de\/en\/wp-json\/wp\/v2\/users\/1"}],"replies":[{"embeddable":true,"href":"https:\/\/www.alterwirt-hallbergmoos.de\/en\/wp-json\/wp\/v2\/comments?post=618"}],"version-history":[{"count":2,"href":"https:\/\/www.alterwirt-hallbergmoos.de\/en\/wp-json\/wp\/v2\/pages\/618\/revisions"}],"predecessor-version":[{"id":620,"href":"https:\/\/www.alterwirt-hallbergmoos.de\/en\/wp-json\/wp\/v2\/pages\/618\/revisions\/620"}],"wp:featuredmedia":[{"embeddable":true,"href":"https:\/\/www.alterwirt-hallbergmoos.de\/en\/wp-json\/wp\/v2\/media\/378"}],"wp:attachment":[{"href":"https:\/\/www.alterwirt-hallbergmoos.de\/en\/wp-json\/wp\/v2\/media?parent=618"}],"curies":[{"name":"wp","href":"https:\/\/api.w.org\/{rel}","templated":true}]}}